{"id":2169,"date":"2025-06-15T16:08:32","date_gmt":"2025-06-15T16:08:32","guid":{"rendered":"https:\/\/toutecollection.com\/shop\/?post_type=product&#038;p=2169"},"modified":"2025-06-15T16:12:19","modified_gmt":"2025-06-15T16:12:19","slug":"sac-a-main-en-cuire-pu","status":"publish","type":"product","link":"https:\/\/toutecollection.com\/shop\/produit\/sac-a-main-en-cuire-pu\/","title":{"rendered":"Sac \u00e0 main en cuire PU"},"content":{"rendered":"","protected":false},"excerpt":{"rendered":"<p>Sac \u00e0 main \u2013 \u00c9l\u00e9gance et Organisation<\/p>\n<p>Description :<\/p>\n<p>Le sac \u00e0 main en cuir simili PU noir ,marron fonc\u00e9 et marron clair est le compagnon id\u00e9al des hommes actifs. Pratique, robuste et \u00e9l\u00e9gante, elle est parfaite pour le travail, les r\u00e9unions ou les d\u00e9placements quotidiens.<\/p>\n<p>Deux grandes poches frontales \u00e0 boucles<\/p>\n<p>Poche zipp\u00e9e ext\u00e9rieure pour acc\u00e8s rapide<\/p>\n<p>Grand compartiment central avec espace pour ordinateur portable (jusqu\u2019\u00e0 15\u201d)<\/p>\n<p>Bandouli\u00e8re ajustable et amovible + poign\u00e9es renforc\u00e9es<\/p>\n<p>Finitions soign\u00e9es, look pro et moderne<\/p>\n<p>Caract\u00e9ristiques techniques :*<\/p>\n<p>Dimensions* : 40 x 30 x 8 cm<\/p>\n","protected":false},"featured_media":2161,"comment_status":"open","ping_status":"closed","template":"","meta":[],"product_brand":[],"product_cat":[60],"product_tag":[],"class_list":{"0":"post-2169","1":"product","2":"type-product","3":"status-publish","4":"has-post-thumbnail","6":"product_cat-sac-a-main","8":"first","9":"instock","10":"shipping-taxable","11":"purchasable","12":"product-type-variable"},"jetpack_sharing_enabled":true,"_links":{"self":[{"href":"https:\/\/toutecollection.com\/shop\/wp-json\/wp\/v2\/product\/2169","targetHints":{"allow":["GET"]}}],"collection":[{"href":"https:\/\/toutecollection.com\/shop\/wp-json\/wp\/v2\/product"}],"about":[{"href":"https:\/\/toutecollection.com\/shop\/wp-json\/wp\/v2\/types\/product"}],"replies":[{"embeddable":true,"href":"https:\/\/toutecollection.com\/shop\/wp-json\/wp\/v2\/comments?post=2169"}],"version-history":[{"count":1,"href":"https:\/\/toutecollection.com\/shop\/wp-json\/wp\/v2\/product\/2169\/revisions"}],"predecessor-version":[{"id":2173,"href":"https:\/\/toutecollection.com\/shop\/wp-json\/wp\/v2\/product\/2169\/revisions\/2173"}],"wp:featuredmedia":[{"embeddable":true,"href":"https:\/\/toutecollection.com\/shop\/wp-json\/wp\/v2\/media\/2161"}],"wp:attachment":[{"href":"https:\/\/toutecollection.com\/shop\/wp-json\/wp\/v2\/media?parent=2169"}],"wp:term":[{"taxonomy":"product_brand","embeddable":true,"href":"https:\/\/toutecollection.com\/shop\/wp-json\/wp\/v2\/product_brand?post=2169"},{"taxonomy":"product_cat","embeddable":true,"href":"https:\/\/toutecollection.com\/shop\/wp-json\/wp\/v2\/product_cat?post=2169"},{"taxonomy":"product_tag","embeddable":true,"href":"https:\/\/toutecollection.com\/shop\/wp-json\/wp\/v2\/product_tag?post=2169"}],"curies":[{"name":"wp","href":"https:\/\/api.w.org\/{rel}","templated":true}]}}